{"id":2502,"date":"2024-10-04T14:49:16","date_gmt":"2024-10-04T14:49:16","guid":{"rendered":"https:\/\/www.rcecrete.gr\/sdgstools\/inicio\/"},"modified":"2024-12-27T11:50:04","modified_gmt":"2024-12-27T11:50:04","slug":"inicio","status":"publish","type":"page","link":"https:\/\/www.rcecrete.gr\/sdgstools\/inicio\/?lang=es","title":{"rendered":"Inicio"},"content":{"rendered":"\t\t<div data-elementor-type=\"wp-page\" data-elementor-id=\"2502\" class=\"elementor elementor-2502 elementor-1448\">\n\t\t\t\t<div class=\"elementor-element elementor-element-9783628 e-flex e-con-boxed e-con e-parent\" data-id=\"9783628\" data-element_type=\"container\" data-settings=\"{&quot;background_background&quot;:&quot;classic&quot;}\">\n\t\t\t\t\t<div class=\"e-con-inner\">\n\t\t<div class=\"elementor-element elementor-element-05ba369 e-con-full e-flex e-con e-child\" data-id=\"05ba369\" data-element_type=\"container\">\n\t\t\t\t<div class=\"elementor-element elementor-element-5117318 elementor-widget elementor-widget-spacer\" data-id=\"5117318\" data-element_type=\"widget\" data-widget_type=\"spacer.default\">\n\t\t\t\t<div class=\"elementor-widget-container\">\n\t\t\t\t\t\t\t<div class=\"elementor-spacer\">\n\t\t\t<div class=\"elementor-spacer-inner\"><\/div>\n\t\t<\/div>\n\t\t\t\t\t\t<\/div>\n\t\t\t\t<\/div>\n\t\t\t\t<div class=\"elementor-element elementor-element-936a3d8 elementor-widget elementor-widget-heading\" data-id=\"936a3d8\" data-element_type=\"widget\" data-widget_type=\"heading.default\">\n\t\t\t\t<div class=\"elementor-widget-container\">\n\t\t\t\t\t<h2 class=\"elementor-heading-title elementor-size-default\">Herramientas para transformar los planes de estudio de los cursos para integrar los ODS<\/h2>\t\t\t\t<\/div>\n\t\t\t\t<\/div>\n\t\t\t\t<div class=\"elementor-element elementor-element-6d5f6c2 elementor-widget elementor-widget-spacer\" data-id=\"6d5f6c2\" data-element_type=\"widget\" data-widget_type=\"spacer.default\">\n\t\t\t\t<div class=\"elementor-widget-container\">\n\t\t\t\t\t\t\t<div class=\"elementor-spacer\">\n\t\t\t<div class=\"elementor-spacer-inner\"><\/div>\n\t\t<\/div>\n\t\t\t\t\t\t<\/div>\n\t\t\t\t<\/div>\n\t\t\t\t<div class=\"elementor-element elementor-element-6b509a9 elementor-widget elementor-widget-heading\" data-id=\"6b509a9\" data-element_type=\"widget\" data-widget_type=\"heading.default\">\n\t\t\t\t<div class=\"elementor-widget-container\">\n\t\t\t\t\t<h3 class=\"elementor-heading-title elementor-size-default\">Bienvenido a la Plataforma de Desarrollo de Capacidades de las Herramientas para los ODS<\/h3>\t\t\t\t<\/div>\n\t\t\t\t<\/div>\n\t\t\t\t<\/div>\n\t\t\t\t\t<\/div>\n\t\t\t\t<\/div>\n\t\t<div class=\"elementor-element elementor-element-42b1afd e-flex e-con-boxed e-con e-parent\" data-id=\"42b1afd\" data-element_type=\"container\">\n\t\t\t\t\t<div class=\"e-con-inner\">\n\t\t\t\t<div class=\"elementor-element elementor-element-af8a756 elementor-widget elementor-widget-heading\" data-id=\"af8a756\" data-element_type=\"widget\" data-widget_type=\"heading.default\">\n\t\t\t\t<div class=\"elementor-widget-container\">\n\t\t\t\t\t<h3 class=\"elementor-heading-title elementor-size-default\">Explora nuestras herramientas<\/h3>\t\t\t\t<\/div>\n\t\t\t\t<\/div>\n\t\t\t\t\t<\/div>\n\t\t\t\t<\/div>\n\t\t<div class=\"elementor-element elementor-element-dc4d543 e-flex e-con-boxed e-con e-parent\" data-id=\"dc4d543\" data-element_type=\"container\">\n\t\t\t\t\t<div class=\"e-con-inner\">\n\t\t<div class=\"elementor-element elementor-element-37f0b92 e-con-full e-flex e-con e-child\" data-id=\"37f0b92\" data-element_type=\"container\">\n\t\t\t\t<div class=\"elementor-element elementor-element-b82a2ca elementor-widget elementor-widget-image\" data-id=\"b82a2ca\" data-element_type=\"widget\" data-widget_type=\"image.default\">\n\t\t\t\t<div class=\"elementor-widget-container\">\n\t\t\t\t\t\t\t\t\t\t\t\t\t\t\t<img fetchpriority=\"high\" decoding=\"async\" width=\"734\" height=\"898\" src=\"https:\/\/www.rcecrete.gr\/sdgstools\/wp-content\/uploads\/DeCoRe.png\" class=\"attachment-full size-full wp-image-2389\" alt=\"DeCoRe+\" srcset=\"https:\/\/www.rcecrete.gr\/sdgstools\/wp-content\/uploads\/DeCoRe.png 734w, https:\/\/www.rcecrete.gr\/sdgstools\/wp-content\/uploads\/DeCoRe-245x300.png 245w\" sizes=\"(max-width: 734px) 100vw, 734px\" \/>\t\t\t\t\t\t\t\t\t\t\t\t\t\t\t<\/div>\n\t\t\t\t<\/div>\n\t\t\t\t<div class=\"elementor-element elementor-element-5b74ca9 elementor-widget elementor-widget-spacer\" data-id=\"5b74ca9\" data-element_type=\"widget\" data-widget_type=\"spacer.default\">\n\t\t\t\t<div class=\"elementor-widget-container\">\n\t\t\t\t\t\t\t<div class=\"elementor-spacer\">\n\t\t\t<div class=\"elementor-spacer-inner\"><\/div>\n\t\t<\/div>\n\t\t\t\t\t\t<\/div>\n\t\t\t\t<\/div>\n\t\t\t\t<div class=\"elementor-element elementor-element-76c61df elementor-widget elementor-widget-button\" data-id=\"76c61df\" data-element_type=\"widget\" data-widget_type=\"button.default\">\n\t\t\t\t<div class=\"elementor-widget-container\">\n\t\t\t\t\t\t\t\t\t<div class=\"elementor-button-wrapper\">\n\t\t\t\t\t<a class=\"elementor-button elementor-button-link elementor-size-sm\" href=\"https:\/\/www.rcecrete.gr\/sdgstools\/tools\/decore\/\">\n\t\t\t\t\t\t<span class=\"elementor-button-content-wrapper\">\n\t\t\t\t\t\t\t\t\t<span class=\"elementor-button-text\">Saber m\u00e1s<\/span>\n\t\t\t\t\t<\/span>\n\t\t\t\t\t<\/a>\n\t\t\t\t<\/div>\n\t\t\t\t\t\t\t\t<\/div>\n\t\t\t\t<\/div>\n\t\t\t\t<\/div>\n\t\t<div class=\"elementor-element elementor-element-781bb8f e-con-full e-flex e-con e-child\" data-id=\"781bb8f\" data-element_type=\"container\">\n\t\t\t\t<div class=\"elementor-element elementor-element-f9ec8cb elementor-widget elementor-widget-image\" data-id=\"f9ec8cb\" data-element_type=\"widget\" data-widget_type=\"image.default\">\n\t\t\t\t<div class=\"elementor-widget-container\">\n\t\t\t\t\t\t\t\t\t\t\t\t\t\t\t<img decoding=\"async\" width=\"734\" height=\"898\" src=\"https:\/\/www.rcecrete.gr\/sdgstools\/wp-content\/uploads\/2024\/10\/CARE.png\" class=\"attachment-full size-full wp-image-1837\" alt=\"CARE\" srcset=\"https:\/\/www.rcecrete.gr\/sdgstools\/wp-content\/uploads\/2024\/10\/CARE.png 734w, https:\/\/www.rcecrete.gr\/sdgstools\/wp-content\/uploads\/2024\/10\/CARE-245x300.png 245w\" sizes=\"(max-width: 734px) 100vw, 734px\" \/>\t\t\t\t\t\t\t\t\t\t\t\t\t\t\t<\/div>\n\t\t\t\t<\/div>\n\t\t\t\t<div class=\"elementor-element elementor-element-cab40b0 elementor-widget elementor-widget-spacer\" data-id=\"cab40b0\" data-element_type=\"widget\" data-widget_type=\"spacer.default\">\n\t\t\t\t<div class=\"elementor-widget-container\">\n\t\t\t\t\t\t\t<div class=\"elementor-spacer\">\n\t\t\t<div class=\"elementor-spacer-inner\"><\/div>\n\t\t<\/div>\n\t\t\t\t\t\t<\/div>\n\t\t\t\t<\/div>\n\t\t\t\t<div class=\"elementor-element elementor-element-016fa39 elementor-widget elementor-widget-button\" data-id=\"016fa39\" data-element_type=\"widget\" data-widget_type=\"button.default\">\n\t\t\t\t<div class=\"elementor-widget-container\">\n\t\t\t\t\t\t\t\t\t<div class=\"elementor-button-wrapper\">\n\t\t\t\t\t<a class=\"elementor-button elementor-button-link elementor-size-sm\" href=\"https:\/\/www.rcecrete.gr\/sdgstools\/tools\/care\/\">\n\t\t\t\t\t\t<span class=\"elementor-button-content-wrapper\">\n\t\t\t\t\t\t\t\t\t<span class=\"elementor-button-text\">Saber m\u00e1s<\/span>\n\t\t\t\t\t<\/span>\n\t\t\t\t\t<\/a>\n\t\t\t\t<\/div>\n\t\t\t\t\t\t\t\t<\/div>\n\t\t\t\t<\/div>\n\t\t\t\t<\/div>\n\t\t<div class=\"elementor-element elementor-element-bd4315a e-con-full e-flex e-con e-child\" data-id=\"bd4315a\" data-element_type=\"container\">\n\t\t\t\t<div class=\"elementor-element elementor-element-e34e69c elementor-widget elementor-widget-image\" data-id=\"e34e69c\" data-element_type=\"widget\" data-widget_type=\"image.default\">\n\t\t\t\t<div class=\"elementor-widget-container\">\n\t\t\t\t\t\t\t\t\t\t\t\t\t\t\t<img decoding=\"async\" width=\"734\" height=\"898\" src=\"https:\/\/www.rcecrete.gr\/sdgstools\/wp-content\/uploads\/2024\/10\/DREAM.png\" class=\"attachment-full size-full wp-image-1841\" alt=\"\" srcset=\"https:\/\/www.rcecrete.gr\/sdgstools\/wp-content\/uploads\/2024\/10\/DREAM.png 734w, https:\/\/www.rcecrete.gr\/sdgstools\/wp-content\/uploads\/2024\/10\/DREAM-245x300.png 245w\" sizes=\"(max-width: 734px) 100vw, 734px\" \/>\t\t\t\t\t\t\t\t\t\t\t\t\t\t\t<\/div>\n\t\t\t\t<\/div>\n\t\t\t\t<div class=\"elementor-element elementor-element-d16ea2c elementor-widget elementor-widget-spacer\" data-id=\"d16ea2c\" data-element_type=\"widget\" data-widget_type=\"spacer.default\">\n\t\t\t\t<div class=\"elementor-widget-container\">\n\t\t\t\t\t\t\t<div class=\"elementor-spacer\">\n\t\t\t<div class=\"elementor-spacer-inner\"><\/div>\n\t\t<\/div>\n\t\t\t\t\t\t<\/div>\n\t\t\t\t<\/div>\n\t\t\t\t<div class=\"elementor-element elementor-element-944cc91 elementor-widget elementor-widget-button\" data-id=\"944cc91\" data-element_type=\"widget\" data-widget_type=\"button.default\">\n\t\t\t\t<div class=\"elementor-widget-container\">\n\t\t\t\t\t\t\t\t\t<div class=\"elementor-button-wrapper\">\n\t\t\t\t\t<a class=\"elementor-button elementor-button-link elementor-size-sm\" href=\"https:\/\/www.rcecrete.gr\/sdgstools\/tools\/dream\/\">\n\t\t\t\t\t\t<span class=\"elementor-button-content-wrapper\">\n\t\t\t\t\t\t\t\t\t<span class=\"elementor-button-text\">Saber m\u00e1s<\/span>\n\t\t\t\t\t<\/span>\n\t\t\t\t\t<\/a>\n\t\t\t\t<\/div>\n\t\t\t\t\t\t\t\t<\/div>\n\t\t\t\t<\/div>\n\t\t\t\t<\/div>\n\t\t\t\t\t<\/div>\n\t\t\t\t<\/div>\n\t\t<div class=\"elementor-element elementor-element-8b1725c e-flex e-con-boxed e-con e-parent\" data-id=\"8b1725c\" data-element_type=\"container\">\n\t\t\t\t\t<div class=\"e-con-inner\">\n\t\t<div class=\"elementor-element elementor-element-238ce76 e-con-full e-flex e-con e-child\" data-id=\"238ce76\" data-element_type=\"container\">\n\t\t\t\t<\/div>\n\t\t<div class=\"elementor-element elementor-element-019449d e-con-full e-flex e-con e-child\" data-id=\"019449d\" data-element_type=\"container\">\n\t\t\t\t<div class=\"elementor-element elementor-element-9159136 elementor-widget elementor-widget-image\" data-id=\"9159136\" data-element_type=\"widget\" data-widget_type=\"image.default\">\n\t\t\t\t<div class=\"elementor-widget-container\">\n\t\t\t\t\t\t\t\t\t\t\t\t\t\t\t<img loading=\"lazy\" decoding=\"async\" width=\"734\" height=\"898\" src=\"https:\/\/www.rcecrete.gr\/sdgstools\/wp-content\/uploads\/2024\/10\/PBL4ESD.png\" class=\"attachment-full size-full wp-image-1847\" alt=\"PBL4ESD\" srcset=\"https:\/\/www.rcecrete.gr\/sdgstools\/wp-content\/uploads\/2024\/10\/PBL4ESD.png 734w, https:\/\/www.rcecrete.gr\/sdgstools\/wp-content\/uploads\/2024\/10\/PBL4ESD-245x300.png 245w\" sizes=\"(max-width: 734px) 100vw, 734px\" \/>\t\t\t\t\t\t\t\t\t\t\t\t\t\t\t<\/div>\n\t\t\t\t<\/div>\n\t\t\t\t<div class=\"elementor-element elementor-element-393194a elementor-widget elementor-widget-spacer\" data-id=\"393194a\" data-element_type=\"widget\" data-widget_type=\"spacer.default\">\n\t\t\t\t<div class=\"elementor-widget-container\">\n\t\t\t\t\t\t\t<div class=\"elementor-spacer\">\n\t\t\t<div class=\"elementor-spacer-inner\"><\/div>\n\t\t<\/div>\n\t\t\t\t\t\t<\/div>\n\t\t\t\t<\/div>\n\t\t\t\t<div class=\"elementor-element elementor-element-c6ef2ea elementor-widget elementor-widget-button\" data-id=\"c6ef2ea\" data-element_type=\"widget\" data-widget_type=\"button.default\">\n\t\t\t\t<div class=\"elementor-widget-container\">\n\t\t\t\t\t\t\t\t\t<div class=\"elementor-button-wrapper\">\n\t\t\t\t\t<a class=\"elementor-button elementor-button-link elementor-size-sm\" href=\"https:\/\/www.rcecrete.gr\/sdgstools\/tools\/pbl4esd\/\">\n\t\t\t\t\t\t<span class=\"elementor-button-content-wrapper\">\n\t\t\t\t\t\t\t\t\t<span class=\"elementor-button-text\">Saber m\u00e1s<\/span>\n\t\t\t\t\t<\/span>\n\t\t\t\t\t<\/a>\n\t\t\t\t<\/div>\n\t\t\t\t\t\t\t\t<\/div>\n\t\t\t\t<\/div>\n\t\t\t\t<\/div>\n\t\t<div class=\"elementor-element elementor-element-1da711d e-con-full e-flex e-con e-child\" data-id=\"1da711d\" data-element_type=\"container\">\n\t\t\t\t<div class=\"elementor-element elementor-element-a84298c elementor-widget elementor-widget-image\" data-id=\"a84298c\" data-element_type=\"widget\" data-widget_type=\"image.default\">\n\t\t\t\t<div class=\"elementor-widget-container\">\n\t\t\t\t\t\t\t\t\t\t\t\t\t\t\t<img loading=\"lazy\" decoding=\"async\" width=\"734\" height=\"898\" src=\"https:\/\/www.rcecrete.gr\/sdgstools\/wp-content\/uploads\/2024\/10\/WikiQuESD.png\" class=\"attachment-full size-full wp-image-1848\" alt=\"\" srcset=\"https:\/\/www.rcecrete.gr\/sdgstools\/wp-content\/uploads\/2024\/10\/WikiQuESD.png 734w, https:\/\/www.rcecrete.gr\/sdgstools\/wp-content\/uploads\/2024\/10\/WikiQuESD-245x300.png 245w\" sizes=\"(max-width: 734px) 100vw, 734px\" \/>\t\t\t\t\t\t\t\t\t\t\t\t\t\t\t<\/div>\n\t\t\t\t<\/div>\n\t\t\t\t<div class=\"elementor-element elementor-element-ad6c1c4 elementor-widget elementor-widget-spacer\" data-id=\"ad6c1c4\" data-element_type=\"widget\" data-widget_type=\"spacer.default\">\n\t\t\t\t<div class=\"elementor-widget-container\">\n\t\t\t\t\t\t\t<div class=\"elementor-spacer\">\n\t\t\t<div class=\"elementor-spacer-inner\"><\/div>\n\t\t<\/div>\n\t\t\t\t\t\t<\/div>\n\t\t\t\t<\/div>\n\t\t\t\t<div class=\"elementor-element elementor-element-252248e elementor-widget elementor-widget-button\" data-id=\"252248e\" data-element_type=\"widget\" data-widget_type=\"button.default\">\n\t\t\t\t<div class=\"elementor-widget-container\">\n\t\t\t\t\t\t\t\t\t<div class=\"elementor-button-wrapper\">\n\t\t\t\t\t<a class=\"elementor-button elementor-button-link elementor-size-sm\" href=\"https:\/\/www.rcecrete.gr\/sdgstools\/tools\/wikiquesd\/\">\n\t\t\t\t\t\t<span class=\"elementor-button-content-wrapper\">\n\t\t\t\t\t\t\t\t\t<span class=\"elementor-button-text\">Saber m\u00e1s<\/span>\n\t\t\t\t\t<\/span>\n\t\t\t\t\t<\/a>\n\t\t\t\t<\/div>\n\t\t\t\t\t\t\t\t<\/div>\n\t\t\t\t<\/div>\n\t\t\t\t<\/div>\n\t\t<div class=\"elementor-element elementor-element-3e91021 e-con-full e-flex e-con e-child\" data-id=\"3e91021\" data-element_type=\"container\">\n\t\t\t\t<\/div>\n\t\t\t\t\t<\/div>\n\t\t\t\t<\/div>\n\t\t<div class=\"elementor-element elementor-element-7a7b871 e-flex e-con-boxed e-con e-parent\" data-id=\"7a7b871\" data-element_type=\"container\" data-settings=\"{&quot;background_background&quot;:&quot;classic&quot;}\">\n\t\t\t\t\t<div class=\"e-con-inner\">\n\t\t<div class=\"elementor-element elementor-element-e29a3fa e-con-full e-flex e-con e-child\" data-id=\"e29a3fa\" data-element_type=\"container\">\n\t\t\t\t<div class=\"elementor-element elementor-element-ba46944 elementor-widget elementor-widget-heading\" data-id=\"ba46944\" data-element_type=\"widget\" data-widget_type=\"heading.default\">\n\t\t\t\t<div class=\"elementor-widget-container\">\n\t\t\t\t\t<h5 class=\"elementor-heading-title elementor-size-default\">Agradecimientos:<\/h5>\t\t\t\t<\/div>\n\t\t\t\t<\/div>\n\t\t\t\t<div class=\"elementor-element elementor-element-8e24a9a elementor-widget elementor-widget-text-editor\" data-id=\"8e24a9a\" data-element_type=\"widget\" data-widget_type=\"text-editor.default\">\n\t\t\t\t<div class=\"elementor-widget-container\">\n\t\t\t\t\t\t\t\t\t<p>Esta plataforma ha sido financiada por el proyecto Erasmus+ CBHE Strand 2 de la Comisi\u00f3n Europea (n\u00ba 101128939) titulado \u00abProfesionalizaci\u00f3n de la Docencia Acad\u00e9mica para Infundir los ODS en las Universidades Latinoamericanas: (ACT4SDGs)\u00bb para el periodo 2024-2026. El contenido refleja las opiniones de los autores (v\u00e9anse <a href=\"https:\/\/www.rcecrete.gr\/sdgstools\/references\/\">las referencias<\/a>), y la Comisi\u00f3n Europea, como agencia cofinanciadora, no se hace responsable del uso que pueda hacerse de los resultados que contiene. Cualquier uso del contenido en forma de presentaciones y publicaciones debe estar debidamente referenciado.<\/p>\n\t\t\t\t\t\t\t\t<\/div>\n\t\t\t\t<\/div>\n\t\t<div class=\"elementor-element elementor-element-150637c e-con-full e-flex e-con e-child\" data-id=\"150637c\" data-element_type=\"container\">\n\t\t<div class=\"elementor-element elementor-element-3c9fefa e-con-full e-flex e-con e-child\" data-id=\"3c9fefa\" data-element_type=\"container\">\n\t\t\t\t<div class=\"elementor-element elementor-element-b38e58d elementor-widget elementor-widget-image\" data-id=\"b38e58d\" data-element_type=\"widget\" data-widget_type=\"image.default\">\n\t\t\t\t<div class=\"elementor-widget-container\">\n\t\t\t\t\t\t\t\t\t\t\t\t\t\t\t<img loading=\"lazy\" decoding=\"async\" width=\"300\" height=\"67\" src=\"https:\/\/www.rcecrete.gr\/sdgstools\/wp-content\/uploads\/logo_co_funded_by_erasmus_and_programme_of_the_eu-300x67-1.png\" class=\"attachment-large size-large wp-image-2286\" alt=\"logo_co_funded_by_erasmus_and_programme_of_the_eu-300x67\" \/>\t\t\t\t\t\t\t\t\t\t\t\t\t\t\t<\/div>\n\t\t\t\t<\/div>\n\t\t\t\t<\/div>\n\t\t<div class=\"elementor-element elementor-element-f6c08cc e-con-full e-flex e-con e-child\" data-id=\"f6c08cc\" data-element_type=\"container\">\n\t\t\t\t<div class=\"elementor-element elementor-element-5f753b1 elementor-widget elementor-widget-image\" data-id=\"5f753b1\" data-element_type=\"widget\" data-widget_type=\"image.default\">\n\t\t\t\t<div class=\"elementor-widget-container\">\n\t\t\t\t\t\t\t\t\t\t\t\t\t\t\t<img loading=\"lazy\" decoding=\"async\" width=\"1024\" height=\"293\" src=\"https:\/\/www.rcecrete.gr\/sdgstools\/wp-content\/uploads\/RCE-Crete-Logo-1024x293.png\" class=\"attachment-large size-large wp-image-2295\" alt=\"RCE Crete Logo\" srcset=\"https:\/\/www.rcecrete.gr\/sdgstools\/wp-content\/uploads\/RCE-Crete-Logo-1024x293.png 1024w, https:\/\/www.rcecrete.gr\/sdgstools\/wp-content\/uploads\/RCE-Crete-Logo-300x86.png 300w, https:\/\/www.rcecrete.gr\/sdgstools\/wp-content\/uploads\/RCE-Crete-Logo-768x220.png 768w, https:\/\/www.rcecrete.gr\/sdgstools\/wp-content\/uploads\/RCE-Crete-Logo-1536x439.png 1536w, https:\/\/www.rcecrete.gr\/sdgstools\/wp-content\/uploads\/RCE-Crete-Logo-2048x586.png 2048w\" sizes=\"(max-width: 1024px) 100vw, 1024px\" \/>\t\t\t\t\t\t\t\t\t\t\t\t\t\t\t<\/div>\n\t\t\t\t<\/div>\n\t\t\t\t<\/div>\n\t\t<div class=\"elementor-element elementor-element-a3ea104 e-con-full e-flex e-con e-child\" data-id=\"a3ea104\" data-element_type=\"container\">\n\t\t\t\t<div class=\"elementor-element elementor-element-359d70d elementor-widget elementor-widget-image\" data-id=\"359d70d\" data-element_type=\"widget\" data-widget_type=\"image.default\">\n\t\t\t\t<div class=\"elementor-widget-container\">\n\t\t\t\t\t\t\t\t\t\t\t\t\t\t\t<img loading=\"lazy\" decoding=\"async\" width=\"600\" height=\"228\" src=\"https:\/\/www.rcecrete.gr\/sdgstools\/wp-content\/uploads\/Unesco-Chair-Logo-Retina.png\" class=\"attachment-large size-large wp-image-2302\" alt=\"Unesco-Chair-Logo-Retina\" srcset=\"https:\/\/www.rcecrete.gr\/sdgstools\/wp-content\/uploads\/Unesco-Chair-Logo-Retina.png 600w, https:\/\/www.rcecrete.gr\/sdgstools\/wp-content\/uploads\/Unesco-Chair-Logo-Retina-300x114.png 300w\" sizes=\"(max-width: 600px) 100vw, 600px\" \/>\t\t\t\t\t\t\t\t\t\t\t\t\t\t\t<\/div>\n\t\t\t\t<\/div>\n\t\t\t\t<\/div>\n\t\t\t\t<\/div>\n\t\t\t\t<\/div>\n\t\t\t\t\t<\/div>\n\t\t\t\t<\/div>\n\t\t\t\t<\/div>\n\t\t","protected":false},"excerpt":{"rendered":"<p>Herramientas para transformar los planes de estudio de los cursos para integrar los ODS Bienvenido a la Plataforma de Desarrollo de Capacidades de las Herramientas para los ODS Explora nuestras herramientas Saber m\u00e1s Saber m\u00e1s Saber m\u00e1s Saber m\u00e1s Saber m\u00e1s Agradecimientos: Esta plataforma ha sido financiada por el proyecto Erasmus+ CBHE Strand 2 de [&hellip;]<\/p>\n","protected":false},"author":1,"featured_media":0,"parent":0,"menu_order":0,"comment_status":"closed","ping_status":"closed","template":"","meta":{"site-sidebar-layout":"no-sidebar","site-content-layout":"page-builder","ast-site-content-layout":"","site-content-style":"default","site-sidebar-style":"default","ast-global-header-display":"","ast-banner-title-visibility":"","ast-main-header-display":"","ast-hfb-above-header-display":"","ast-hfb-below-header-display":"","ast-hfb-mobile-header-display":"","site-post-title":"disabled","ast-breadcrumbs-content":"","ast-featured-img":"disabled","footer-sml-layout":"","theme-transparent-header-meta":"enabled","adv-header-id-meta":"","stick-header-meta":"","header-above-stick-meta":"","header-main-stick-meta":"","header-below-stick-meta":"","astra-migrate-meta-layouts":"default","ast-page-background-enabled":"default","ast-page-background-meta":{"desktop":{"background-color":"var(--ast-global-color-4)","background-image":"","background-repeat":"repeat","background-position":"center center","background-size":"auto","background-attachment":"scroll","background-type":"","background-media":"","overlay-type":"","overlay-color":"","overlay-opacity":"","overlay-gradient":""},"tablet":{"background-color":"","background-image":"","background-repeat":"repeat","background-position":"center center","background-size":"auto","background-attachment":"scroll","background-type":"","background-media":"","overlay-type":"","overlay-color":"","overlay-opacity":"","overlay-gradient":""},"mobile":{"background-color":"","background-image":"","background-repeat":"repeat","background-position":"center center","background-size":"auto","background-attachment":"scroll","background-type":"","background-media":"","overlay-type":"","overlay-color":"","overlay-opacity":"","overlay-gradient":""}},"ast-content-background-meta":{"desktop":{"background-color":"var(--ast-global-color-5)","background-image":"","background-repeat":"repeat","background-position":"center center","background-size":"auto","background-attachment":"scroll","background-type":"","background-media":"","overlay-type":"","overlay-color":"","overlay-opacity":"","overlay-gradient":""},"tablet":{"background-color":"var(--ast-global-color-5)","background-image":"","background-repeat":"repeat","background-position":"center center","background-size":"auto","background-attachment":"scroll","background-type":"","background-media":"","overlay-type":"","overlay-color":"","overlay-opacity":"","overlay-gradient":""},"mobile":{"background-color":"var(--ast-global-color-5)","background-image":"","background-repeat":"repeat","background-position":"center center","background-size":"auto","background-attachment":"scroll","background-type":"","background-media":"","overlay-type":"","overlay-color":"","overlay-opacity":"","overlay-gradient":""}},"footnotes":""},"class_list":["post-2502","page","type-page","status-publish","hentry"],"_links":{"self":[{"href":"https:\/\/www.rcecrete.gr\/sdgstools\/wp-json\/wp\/v2\/pages\/2502","targetHints":{"allow":["GET"]}}],"collection":[{"href":"https:\/\/www.rcecrete.gr\/sdgstools\/wp-json\/wp\/v2\/pages"}],"about":[{"href":"https:\/\/www.rcecrete.gr\/sdgstools\/wp-json\/wp\/v2\/types\/page"}],"author":[{"embeddable":true,"href":"https:\/\/www.rcecrete.gr\/sdgstools\/wp-json\/wp\/v2\/users\/1"}],"replies":[{"embeddable":true,"href":"https:\/\/www.rcecrete.gr\/sdgstools\/wp-json\/wp\/v2\/comments?post=2502"}],"version-history":[{"count":1,"href":"https:\/\/www.rcecrete.gr\/sdgstools\/wp-json\/wp\/v2\/pages\/2502\/revisions"}],"predecessor-version":[{"id":2503,"href":"https:\/\/www.rcecrete.gr\/sdgstools\/wp-json\/wp\/v2\/pages\/2502\/revisions\/2503"}],"wp:attachment":[{"href":"https:\/\/www.rcecrete.gr\/sdgstools\/wp-json\/wp\/v2\/media?parent=2502"}],"curies":[{"name":"wp","href":"https:\/\/api.w.org\/{rel}","templated":true}]}}