{"id":2504,"date":"2024-10-04T14:49:16","date_gmt":"2024-10-04T14:49:16","guid":{"rendered":"https:\/\/www.rcecrete.gr\/sdgstools\/instrumentos\/"},"modified":"2024-12-27T12:00:04","modified_gmt":"2024-12-27T12:00:04","slug":"instrumentos","status":"publish","type":"page","link":"https:\/\/www.rcecrete.gr\/sdgstools\/instrumentos\/?lang=es","title":{"rendered":"Instrumentos"},"content":{"rendered":"\t\t<div data-elementor-type=\"wp-page\" data-elementor-id=\"2504\" class=\"elementor elementor-2504 elementor-15\">\n\t\t\t\t<div class=\"elementor-element elementor-element-ed5342b e-flex e-con-boxed e-con e-parent\" data-id=\"ed5342b\" data-element_type=\"container\" data-settings=\"{&quot;background_background&quot;:&quot;classic&quot;}\">\n\t\t\t\t\t<div class=\"e-con-inner\">\n\t\t<div class=\"elementor-element elementor-element-0c73a23 e-con-full e-flex e-con e-child\" data-id=\"0c73a23\" data-element_type=\"container\">\n\t\t\t\t<div class=\"elementor-element elementor-element-e3ee3a0 elementor-widget elementor-widget-heading\" data-id=\"e3ee3a0\" data-element_type=\"widget\" data-widget_type=\"heading.default\">\n\t\t\t\t<div class=\"elementor-widget-container\">\n\t\t\t\t\t<h1 class=\"elementor-heading-title elementor-size-default\">Instrumentos<\/h1>\t\t\t\t<\/div>\n\t\t\t\t<\/div>\n\t\t\t\t<\/div>\n\t\t\t\t\t<\/div>\n\t\t\t\t<\/div>\n\t\t<div class=\"elementor-element elementor-element-b069d22 e-flex e-con-boxed e-con e-parent\" data-id=\"b069d22\" data-element_type=\"container\">\n\t\t\t\t\t<div class=\"e-con-inner\">\n\t\t<div class=\"elementor-element elementor-element-56a4564 e-con-full e-flex e-con e-child\" data-id=\"56a4564\" data-element_type=\"container\">\n\t\t\t\t<div class=\"elementor-element elementor-element-50d6336 elementor-widget elementor-widget-heading\" data-id=\"50d6336\" data-element_type=\"widget\" data-widget_type=\"heading.default\">\n\t\t\t\t<div class=\"elementor-widget-container\">\n\t\t\t\t\t<h3 class=\"elementor-heading-title elementor-size-default\">\nDeCoRE+\n<\/h3>\t\t\t\t<\/div>\n\t\t\t\t<\/div>\n\t\t\t\t<div class=\"elementor-element elementor-element-9308ff2 elementor-widget elementor-widget-text-editor\" data-id=\"9308ff2\" data-element_type=\"widget\" data-widget_type=\"text-editor.default\">\n\t\t\t\t<div class=\"elementor-widget-container\">\n\t\t\t\t\t\t\t\t\t<p>Transform your curriculum for sustainability justice. Esta instrumento permite a los profesores analizar cr\u00edticamente y reconstruir su contenido docente para integrar principios de justicia y sostenibilidad. <\/p>\n\t\t\t\t\t\t\t\t<\/div>\n\t\t\t\t<\/div>\n\t\t\t\t<div class=\"elementor-element elementor-element-f38dcc6 elementor-widget elementor-widget-button\" data-id=\"f38dcc6\" data-element_type=\"widget\" data-widget_type=\"button.default\">\n\t\t\t\t<div class=\"elementor-widget-container\">\n\t\t\t\t\t\t\t\t\t<div class=\"elementor-button-wrapper\">\n\t\t\t\t\t<a class=\"elementor-button elementor-button-link elementor-size-sm\" href=\"#\">\n\t\t\t\t\t\t<span class=\"elementor-button-content-wrapper\">\n\t\t\t\t\t\t\t\t\t<span class=\"elementor-button-text\">Explorar<\/span>\n\t\t\t\t\t<\/span>\n\t\t\t\t\t<\/a>\n\t\t\t\t<\/div>\n\t\t\t\t\t\t\t\t<\/div>\n\t\t\t\t<\/div>\n\t\t\t\t<\/div>\n\t\t<div class=\"elementor-element elementor-element-dffccf7 e-con-full e-flex e-con e-child\" data-id=\"dffccf7\" data-element_type=\"container\">\n\t\t\t\t<div class=\"elementor-element elementor-element-a48b651 elementor-widget elementor-widget-image\" data-id=\"a48b651\" data-element_type=\"widget\" data-widget_type=\"image.default\">\n\t\t\t\t<div class=\"elementor-widget-container\">\n\t\t\t\t\t\t\t\t\t\t\t\t\t\t\t<img fetchpriority=\"high\" decoding=\"async\" width=\"1024\" height=\"811\" src=\"https:\/\/www.rcecrete.gr\/sdgstools\/wp-content\/uploads\/2024\/10\/DeCoRE-square-1024x811.png\" class=\"attachment-large size-large wp-image-1860\" alt=\"DeCoRE+ square\" srcset=\"https:\/\/www.rcecrete.gr\/sdgstools\/wp-content\/uploads\/2024\/10\/DeCoRE-square-1024x811.png 1024w, https:\/\/www.rcecrete.gr\/sdgstools\/wp-content\/uploads\/2024\/10\/DeCoRE-square-300x238.png 300w, https:\/\/www.rcecrete.gr\/sdgstools\/wp-content\/uploads\/2024\/10\/DeCoRE-square-768x608.png 768w, https:\/\/www.rcecrete.gr\/sdgstools\/wp-content\/uploads\/2024\/10\/DeCoRE-square.png 1134w\" sizes=\"(max-width: 1024px) 100vw, 1024px\" \/>\t\t\t\t\t\t\t\t\t\t\t\t\t\t\t<\/div>\n\t\t\t\t<\/div>\n\t\t\t\t<\/div>\n\t\t\t\t\t<\/div>\n\t\t\t\t<\/div>\n\t\t<div class=\"elementor-element elementor-element-4ea6c66 e-flex e-con-boxed e-con e-parent\" data-id=\"4ea6c66\" data-element_type=\"container\">\n\t\t\t\t\t<div class=\"e-con-inner\">\n\t\t<div class=\"elementor-element elementor-element-6880e43 e-con-full e-flex e-con e-child\" data-id=\"6880e43\" data-element_type=\"container\">\n\t\t\t\t<div class=\"elementor-element elementor-element-f51149a elementor-widget elementor-widget-image\" data-id=\"f51149a\" data-element_type=\"widget\" data-widget_type=\"image.default\">\n\t\t\t\t<div class=\"elementor-widget-container\">\n\t\t\t\t\t\t\t\t\t\t\t\t\t\t\t<img decoding=\"async\" width=\"1024\" height=\"811\" src=\"https:\/\/www.rcecrete.gr\/sdgstools\/wp-content\/uploads\/2024\/10\/CARE-square-1024x811.png\" class=\"attachment-large size-large wp-image-1861\" alt=\"CARE square\" srcset=\"https:\/\/www.rcecrete.gr\/sdgstools\/wp-content\/uploads\/2024\/10\/CARE-square-1024x811.png 1024w, https:\/\/www.rcecrete.gr\/sdgstools\/wp-content\/uploads\/2024\/10\/CARE-square-300x238.png 300w, https:\/\/www.rcecrete.gr\/sdgstools\/wp-content\/uploads\/2024\/10\/CARE-square-768x608.png 768w, https:\/\/www.rcecrete.gr\/sdgstools\/wp-content\/uploads\/2024\/10\/CARE-square.png 1134w\" sizes=\"(max-width: 1024px) 100vw, 1024px\" \/>\t\t\t\t\t\t\t\t\t\t\t\t\t\t\t<\/div>\n\t\t\t\t<\/div>\n\t\t\t\t<\/div>\n\t\t<div class=\"elementor-element elementor-element-1d599f0 e-con-full e-flex e-con e-child\" data-id=\"1d599f0\" data-element_type=\"container\">\n\t\t\t\t<div class=\"elementor-element elementor-element-8f2af4c elementor-widget elementor-widget-heading\" data-id=\"8f2af4c\" data-element_type=\"widget\" data-widget_type=\"heading.default\">\n\t\t\t\t<div class=\"elementor-widget-container\">\n\t\t\t\t\t<h3 class=\"elementor-heading-title elementor-size-default\">Metodolog\u00eda CARE<\/h3>\t\t\t\t<\/div>\n\t\t\t\t<\/div>\n\t\t\t\t<div class=\"elementor-element elementor-element-0701632 elementor-widget elementor-widget-text-editor\" data-id=\"0701632\" data-element_type=\"widget\" data-widget_type=\"text-editor.default\">\n\t\t\t\t<div class=\"elementor-widget-container\">\n\t\t\t\t\t\t\t\t\t<p>Promote refugee-responsive education. CARE ayuda a los educadores a dise\u00f1ar actividades dirigidas a los alumnos, atendiendo a las necesidades espec\u00edficas de los ni\u00f1os refugiados y creando entornos de aprendizaje integradores.<\/p>\n\t\t\t\t\t\t\t\t<\/div>\n\t\t\t\t<\/div>\n\t\t\t\t<div class=\"elementor-element elementor-element-995bd42 elementor-widget elementor-widget-button\" data-id=\"995bd42\" data-element_type=\"widget\" data-widget_type=\"button.default\">\n\t\t\t\t<div class=\"elementor-widget-container\">\n\t\t\t\t\t\t\t\t\t<div class=\"elementor-button-wrapper\">\n\t\t\t\t\t<a class=\"elementor-button elementor-button-link elementor-size-sm\" href=\"#\">\n\t\t\t\t\t\t<span class=\"elementor-button-content-wrapper\">\n\t\t\t\t\t\t\t\t\t<span class=\"elementor-button-text\">Explorar<\/span>\n\t\t\t\t\t<\/span>\n\t\t\t\t\t<\/a>\n\t\t\t\t<\/div>\n\t\t\t\t\t\t\t\t<\/div>\n\t\t\t\t<\/div>\n\t\t\t\t<\/div>\n\t\t\t\t\t<\/div>\n\t\t\t\t<\/div>\n\t\t<div class=\"elementor-element elementor-element-6d214f7 e-flex e-con-boxed e-con e-parent\" data-id=\"6d214f7\" data-element_type=\"container\">\n\t\t\t\t\t<div class=\"e-con-inner\">\n\t\t<div class=\"elementor-element elementor-element-47189ec e-con-full e-flex e-con e-child\" data-id=\"47189ec\" data-element_type=\"container\">\n\t\t\t\t<div class=\"elementor-element elementor-element-638dd26 elementor-widget elementor-widget-heading\" data-id=\"638dd26\" data-element_type=\"widget\" data-widget_type=\"heading.default\">\n\t\t\t\t<div class=\"elementor-widget-container\">\n\t\t\t\t\t<h3 class=\"elementor-heading-title elementor-size-default\">DREAM<\/h3>\t\t\t\t<\/div>\n\t\t\t\t<\/div>\n\t\t\t\t<div class=\"elementor-element elementor-element-d1d1e1e elementor-widget elementor-widget-text-editor\" data-id=\"d1d1e1e\" data-element_type=\"widget\" data-widget_type=\"text-editor.default\">\n\t\t\t\t<div class=\"elementor-widget-container\">\n\t\t\t\t\t\t\t\t\t<p>Revolucione la evaluaci\u00f3n de los cursos. La metodolog\u00eda DREAM proporciona un marco global para evaluar, reflexionar y mejorar los cursos educativos.<\/p>\n\t\t\t\t\t\t\t\t<\/div>\n\t\t\t\t<\/div>\n\t\t\t\t<div class=\"elementor-element elementor-element-30eebf0 elementor-widget elementor-widget-button\" data-id=\"30eebf0\" data-element_type=\"widget\" data-widget_type=\"button.default\">\n\t\t\t\t<div class=\"elementor-widget-container\">\n\t\t\t\t\t\t\t\t\t<div class=\"elementor-button-wrapper\">\n\t\t\t\t\t<a class=\"elementor-button elementor-button-link elementor-size-sm\" href=\"#\">\n\t\t\t\t\t\t<span class=\"elementor-button-content-wrapper\">\n\t\t\t\t\t\t\t\t\t<span class=\"elementor-button-text\">Explorar<\/span>\n\t\t\t\t\t<\/span>\n\t\t\t\t\t<\/a>\n\t\t\t\t<\/div>\n\t\t\t\t\t\t\t\t<\/div>\n\t\t\t\t<\/div>\n\t\t\t\t<\/div>\n\t\t<div class=\"elementor-element elementor-element-e0dacc0 e-con-full e-flex e-con e-child\" data-id=\"e0dacc0\" data-element_type=\"container\">\n\t\t\t\t<div class=\"elementor-element elementor-element-e56c3c6 elementor-widget elementor-widget-image\" data-id=\"e56c3c6\" data-element_type=\"widget\" data-widget_type=\"image.default\">\n\t\t\t\t<div class=\"elementor-widget-container\">\n\t\t\t\t\t\t\t\t\t\t\t\t\t\t\t<img decoding=\"async\" width=\"1024\" height=\"811\" src=\"https:\/\/www.rcecrete.gr\/sdgstools\/wp-content\/uploads\/2024\/10\/DREAM-square-1024x811.png\" class=\"attachment-large size-large wp-image-1863\" alt=\"DREAM square\" srcset=\"https:\/\/www.rcecrete.gr\/sdgstools\/wp-content\/uploads\/2024\/10\/DREAM-square-1024x811.png 1024w, https:\/\/www.rcecrete.gr\/sdgstools\/wp-content\/uploads\/2024\/10\/DREAM-square-300x238.png 300w, https:\/\/www.rcecrete.gr\/sdgstools\/wp-content\/uploads\/2024\/10\/DREAM-square-768x608.png 768w, https:\/\/www.rcecrete.gr\/sdgstools\/wp-content\/uploads\/2024\/10\/DREAM-square.png 1134w\" sizes=\"(max-width: 1024px) 100vw, 1024px\" \/>\t\t\t\t\t\t\t\t\t\t\t\t\t\t\t<\/div>\n\t\t\t\t<\/div>\n\t\t\t\t<\/div>\n\t\t\t\t\t<\/div>\n\t\t\t\t<\/div>\n\t\t<div class=\"elementor-element elementor-element-2f91a45 e-flex e-con-boxed e-con e-parent\" data-id=\"2f91a45\" data-element_type=\"container\">\n\t\t\t\t\t<div class=\"e-con-inner\">\n\t\t<div class=\"elementor-element elementor-element-1fb3796 e-con-full e-flex e-con e-child\" data-id=\"1fb3796\" data-element_type=\"container\">\n\t\t\t\t<div class=\"elementor-element elementor-element-8608d61 elementor-widget elementor-widget-image\" data-id=\"8608d61\" data-element_type=\"widget\" data-widget_type=\"image.default\">\n\t\t\t\t<div class=\"elementor-widget-container\">\n\t\t\t\t\t\t\t\t\t\t\t\t\t\t\t<img loading=\"lazy\" decoding=\"async\" width=\"1024\" height=\"811\" src=\"https:\/\/www.rcecrete.gr\/sdgstools\/wp-content\/uploads\/2024\/10\/PBL4ESD-square-1024x811.png\" class=\"attachment-large size-large wp-image-1864\" alt=\"\" srcset=\"https:\/\/www.rcecrete.gr\/sdgstools\/wp-content\/uploads\/2024\/10\/PBL4ESD-square-1024x811.png 1024w, https:\/\/www.rcecrete.gr\/sdgstools\/wp-content\/uploads\/2024\/10\/PBL4ESD-square-300x238.png 300w, https:\/\/www.rcecrete.gr\/sdgstools\/wp-content\/uploads\/2024\/10\/PBL4ESD-square-768x608.png 768w, https:\/\/www.rcecrete.gr\/sdgstools\/wp-content\/uploads\/2024\/10\/PBL4ESD-square.png 1134w\" sizes=\"(max-width: 1024px) 100vw, 1024px\" \/>\t\t\t\t\t\t\t\t\t\t\t\t\t\t\t<\/div>\n\t\t\t\t<\/div>\n\t\t\t\t<\/div>\n\t\t<div class=\"elementor-element elementor-element-a7beedd e-con-full e-flex e-con e-child\" data-id=\"a7beedd\" data-element_type=\"container\">\n\t\t\t\t<div class=\"elementor-element elementor-element-2910e3b elementor-widget elementor-widget-heading\" data-id=\"2910e3b\" data-element_type=\"widget\" data-widget_type=\"heading.default\">\n\t\t\t\t<div class=\"elementor-widget-container\">\n\t\t\t\t\t<h3 class=\"elementor-heading-title elementor-size-default\">PBL4ESD<\/h3>\t\t\t\t<\/div>\n\t\t\t\t<\/div>\n\t\t\t\t<div class=\"elementor-element elementor-element-732111d elementor-widget elementor-widget-text-editor\" data-id=\"732111d\" data-element_type=\"widget\" data-widget_type=\"text-editor.default\">\n\t\t\t\t<div class=\"elementor-widget-container\">\n\t\t\t\t\t\t\t\t\t<p>Resuelva problemas del mundo real con sus alumnos. Esta instrumenta anima a los estudiantes a participar en debates cr\u00edticos sobre problemas mundiales acuciantes, como el cambio clim\u00e1tico, fomentando una ciudadan\u00eda activa.<\/p>\n\t\t\t\t\t\t\t\t<\/div>\n\t\t\t\t<\/div>\n\t\t\t\t<div class=\"elementor-element elementor-element-6adae81 elementor-widget elementor-widget-button\" data-id=\"6adae81\" data-element_type=\"widget\" data-widget_type=\"button.default\">\n\t\t\t\t<div class=\"elementor-widget-container\">\n\t\t\t\t\t\t\t\t\t<div class=\"elementor-button-wrapper\">\n\t\t\t\t\t<a class=\"elementor-button elementor-button-link elementor-size-sm\" href=\"#\">\n\t\t\t\t\t\t<span class=\"elementor-button-content-wrapper\">\n\t\t\t\t\t\t\t\t\t<span class=\"elementor-button-text\">Explorar<\/span>\n\t\t\t\t\t<\/span>\n\t\t\t\t\t<\/a>\n\t\t\t\t<\/div>\n\t\t\t\t\t\t\t\t<\/div>\n\t\t\t\t<\/div>\n\t\t\t\t<\/div>\n\t\t\t\t\t<\/div>\n\t\t\t\t<\/div>\n\t\t<div class=\"elementor-element elementor-element-ab2c6ed e-flex e-con-boxed e-con e-parent\" data-id=\"ab2c6ed\" data-element_type=\"container\">\n\t\t\t\t\t<div class=\"e-con-inner\">\n\t\t<div class=\"elementor-element elementor-element-037b0f1 e-con-full e-flex e-con e-child\" data-id=\"037b0f1\" data-element_type=\"container\">\n\t\t\t\t<div class=\"elementor-element elementor-element-03bf73a elementor-widget elementor-widget-heading\" data-id=\"03bf73a\" data-element_type=\"widget\" data-widget_type=\"heading.default\">\n\t\t\t\t<div class=\"elementor-widget-container\">\n\t\t\t\t\t<h3 class=\"elementor-heading-title elementor-size-default\">WikiQuESD<\/h3>\t\t\t\t<\/div>\n\t\t\t\t<\/div>\n\t\t\t\t<div class=\"elementor-element elementor-element-8e65c74 elementor-widget elementor-widget-text-editor\" data-id=\"8e65c74\" data-element_type=\"widget\" data-widget_type=\"text-editor.default\">\n\t\t\t\t<div class=\"elementor-widget-container\">\n\t\t\t\t\t\t\t\t\t<p>Colabore por un futuro mejor. WikiQuESD fomenta un enfoque impulsado por la comunidad, en el que educadores y alumnos pueden contribuir y compartir conocimientos para promover la justicia en materia de sostenibilidad.<\/p>\n\t\t\t\t\t\t\t\t<\/div>\n\t\t\t\t<\/div>\n\t\t\t\t<div class=\"elementor-element elementor-element-d847784 elementor-widget elementor-widget-button\" data-id=\"d847784\" data-element_type=\"widget\" data-widget_type=\"button.default\">\n\t\t\t\t<div class=\"elementor-widget-container\">\n\t\t\t\t\t\t\t\t\t<div class=\"elementor-button-wrapper\">\n\t\t\t\t\t<a class=\"elementor-button elementor-button-link elementor-size-sm\" href=\"#\">\n\t\t\t\t\t\t<span class=\"elementor-button-content-wrapper\">\n\t\t\t\t\t\t\t\t\t<span class=\"elementor-button-text\">Explorar<\/span>\n\t\t\t\t\t<\/span>\n\t\t\t\t\t<\/a>\n\t\t\t\t<\/div>\n\t\t\t\t\t\t\t\t<\/div>\n\t\t\t\t<\/div>\n\t\t\t\t<\/div>\n\t\t<div class=\"elementor-element elementor-element-a4a5983 e-con-full e-flex e-con e-child\" data-id=\"a4a5983\" data-element_type=\"container\">\n\t\t\t\t<div class=\"elementor-element elementor-element-f577ec0 elementor-widget elementor-widget-image\" data-id=\"f577ec0\" data-element_type=\"widget\" data-widget_type=\"image.default\">\n\t\t\t\t<div class=\"elementor-widget-container\">\n\t\t\t\t\t\t\t\t\t\t\t\t\t\t\t<img loading=\"lazy\" decoding=\"async\" width=\"1024\" height=\"811\" src=\"https:\/\/www.rcecrete.gr\/sdgstools\/wp-content\/uploads\/2024\/10\/WikiQuESD-square-1024x811.png\" class=\"attachment-large size-large wp-image-1865\" alt=\"WikiQuESD square\" srcset=\"https:\/\/www.rcecrete.gr\/sdgstools\/wp-content\/uploads\/2024\/10\/WikiQuESD-square-1024x811.png 1024w, https:\/\/www.rcecrete.gr\/sdgstools\/wp-content\/uploads\/2024\/10\/WikiQuESD-square-300x238.png 300w, https:\/\/www.rcecrete.gr\/sdgstools\/wp-content\/uploads\/2024\/10\/WikiQuESD-square-768x608.png 768w, https:\/\/www.rcecrete.gr\/sdgstools\/wp-content\/uploads\/2024\/10\/WikiQuESD-square.png 1134w\" sizes=\"(max-width: 1024px) 100vw, 1024px\" \/>\t\t\t\t\t\t\t\t\t\t\t\t\t\t\t<\/div>\n\t\t\t\t<\/div>\n\t\t\t\t<\/div>\n\t\t\t\t\t<\/div>\n\t\t\t\t<\/div>\n\t\t\t\t<\/div>\n\t\t","protected":false},"excerpt":{"rendered":"<p>Instrumentos DeCoRE+ Transform your curriculum for sustainability justice. Esta instrumento permite a los profesores analizar cr\u00edticamente y reconstruir su contenido docente para integrar principios de justicia y sostenibilidad. Explorar Metodolog\u00eda CARE Promote refugee-responsive education. CARE ayuda a los educadores a dise\u00f1ar actividades dirigidas a los alumnos, atendiendo a las necesidades espec\u00edficas de los ni\u00f1os refugiados [&hellip;]<\/p>\n","protected":false},"author":1,"featured_media":0,"parent":0,"menu_order":0,"comment_status":"closed","ping_status":"closed","template":"","meta":{"site-sidebar-layout":"no-sidebar","site-content-layout":"page-builder","ast-site-content-layout":"","site-content-style":"default","site-sidebar-style":"default","ast-global-header-display":"","ast-banner-title-visibility":"","ast-main-header-display":"","ast-hfb-above-header-display":"","ast-hfb-below-header-display":"","ast-hfb-mobile-header-display":"","site-post-title":"disabled","ast-breadcrumbs-content":"","ast-featured-img":"disabled","footer-sml-layout":"","theme-transparent-header-meta":"enabled","adv-header-id-meta":"","stick-header-meta":"","header-above-stick-meta":"","header-main-stick-meta":"","header-below-stick-meta":"","astra-migrate-meta-layouts":"default","ast-page-background-enabled":"default","ast-page-background-meta":{"desktop":{"background-color":"var(--ast-global-color-4)","background-image":"","background-repeat":"repeat","background-position":"center center","background-size":"auto","background-attachment":"scroll","background-type":"","background-media":"","overlay-type":"","overlay-color":"","overlay-opacity":"","overlay-gradient":""},"tablet":{"background-color":"","background-image":"","background-repeat":"repeat","background-position":"center center","background-size":"auto","background-attachment":"scroll","background-type":"","background-media":"","overlay-type":"","overlay-color":"","overlay-opacity":"","overlay-gradient":""},"mobile":{"background-color":"","background-image":"","background-repeat":"repeat","background-position":"center center","background-size":"auto","background-attachment":"scroll","background-type":"","background-media":"","overlay-type":"","overlay-color":"","overlay-opacity":"","overlay-gradient":""}},"ast-content-background-meta":{"desktop":{"background-color":"var(--ast-global-color-5)","background-image":"","background-repeat":"repeat","background-position":"center center","background-size":"auto","background-attachment":"scroll","background-type":"","background-media":"","overlay-type":"","overlay-color":"","overlay-opacity":"","overlay-gradient":""},"tablet":{"background-color":"var(--ast-global-color-5)","background-image":"","background-repeat":"repeat","background-position":"center center","background-size":"auto","background-attachment":"scroll","background-type":"","background-media":"","overlay-type":"","overlay-color":"","overlay-opacity":"","overlay-gradient":""},"mobile":{"background-color":"var(--ast-global-color-5)","background-image":"","background-repeat":"repeat","background-position":"center center","background-size":"auto","background-attachment":"scroll","background-type":"","background-media":"","overlay-type":"","overlay-color":"","overlay-opacity":"","overlay-gradient":""}},"footnotes":""},"class_list":["post-2504","page","type-page","status-publish","hentry"],"_links":{"self":[{"href":"https:\/\/www.rcecrete.gr\/sdgstools\/wp-json\/wp\/v2\/pages\/2504","targetHints":{"allow":["GET"]}}],"collection":[{"href":"https:\/\/www.rcecrete.gr\/sdgstools\/wp-json\/wp\/v2\/pages"}],"about":[{"href":"https:\/\/www.rcecrete.gr\/sdgstools\/wp-json\/wp\/v2\/types\/page"}],"author":[{"embeddable":true,"href":"https:\/\/www.rcecrete.gr\/sdgstools\/wp-json\/wp\/v2\/users\/1"}],"replies":[{"embeddable":true,"href":"https:\/\/www.rcecrete.gr\/sdgstools\/wp-json\/wp\/v2\/comments?post=2504"}],"version-history":[{"count":2,"href":"https:\/\/www.rcecrete.gr\/sdgstools\/wp-json\/wp\/v2\/pages\/2504\/revisions"}],"predecessor-version":[{"id":2509,"href":"https:\/\/www.rcecrete.gr\/sdgstools\/wp-json\/wp\/v2\/pages\/2504\/revisions\/2509"}],"wp:attachment":[{"href":"https:\/\/www.rcecrete.gr\/sdgstools\/wp-json\/wp\/v2\/media?parent=2504"}],"curies":[{"name":"wp","href":"https:\/\/api.w.org\/{rel}","templated":true}]}}